{"id":134,"date":"2011-02-21T20:59:54","date_gmt":"2011-02-21T20:59:54","guid":{"rendered":"http:\/\/fonfano.cac40.net\/?page_id=134"},"modified":"2022-11-28T19:54:04","modified_gmt":"2022-11-28T17:54:04","slug":"liens-divers","status":"publish","type":"page","link":"http:\/\/fonfano.cac40.net\/?page_id=134","title":{"rendered":"Bons plans"},"content":{"rendered":"<p>Puissante, intuitive, simple et tr\u00e8s rapide, antispam puissant, (android native) la boite <a href=\"https:\/\/www.google.com\/accounts\/ServiceLogin?service=mail&amp;passive=true&amp;rm=false&amp;continue=http%3A%2F%2Fmail.google.com%2Fmail%2F%3Fhl%3Dfr%26ui%3Dhtml%26zy%3Dl&amp;bsv=llya694le36z&amp;scc=1&amp;ltmpl=default&amp;ltmplcache=2&amp;hl=fr\">Gmail <\/a><\/p>\n<p>Incontournable&#8230; <a href=\"http:\/\/www.ebay.fr\/\" target=\"_blank\" rel=\"noopener noreferrer\">eBay.fr<\/a><\/p>\n<p>Les CD et DVD vierges en grande quantit\u00e9 au meilleur prix ont toujours \u00e9t\u00e9 chez <a href=\"https:\/\/www.nierle.com\/\">Nierle<\/a><\/p>\n<p>Deux super monitors syst\u00e8me, discrets, stables et puissants : <a href=\"http:\/\/telechargement.zebulon.fr\/winbar.html\">Winbar<\/a> jusqu&rsquo;\u00e0 XP et, plus r\u00e9cent : <a href=\"http:\/\/sourceforge.net\/projects\/infobar\/\">Infobar<\/a><\/p>\n<p>La HiFi \u00e0 tous prix : Je vous recommande Bernard de <a href=\"http:\/\/www.musikit.fr\/\">Musikit<\/a><\/p>\n<p>Comparateur tr\u00e8s efficace de <a href=\"http:\/\/www.lebonforfait.fr\/comparateur.html#appels=illimites&amp;sms=illimites&amp;data=500\" target=\"_blank\" rel=\"noopener noreferrer\">forfaits mobiles<\/a>. \u00a0 Un autre : <a href=\"https:\/\/www.frandroid.com\/comparateur-forfaits\">frandroid<\/a><\/p>\n<p>Carte des antennes avec d\u00e9tails tech. : <a href=\"https:\/\/lebonforfait.fr\/antennes-mobiles.html\" target=\"_blank\" rel=\"noopener noreferrer\">LeBonForfait<\/a><\/p>\n<p>Une autre carte : <a href=\"https:\/\/www.antennesmobiles.fr\" target=\"_blank\" rel=\"noopener noreferrer\">Antennesmobiles.fr<\/a><\/p>\n<p>Encore une autre : <a href=\"https:\/\/www.couverture-mobile.fr\">Couverture-mobile.fr<\/a><\/p>\n<p>Encore une autre : <a href=\"https:\/\/www.cartoradio.fr\">Cartoradio.fr<\/a><\/p>\n<p>Carte Arcep de d\u00e9ploiement de la fibre : <a href=\"https:\/\/cartefibre.arcep.fr\/\">ici<\/a><\/p>\n<p>Pour installer \u00ab\u00a0tout\u00a0\u00bb d&rsquo;un coup, <a title=\"ninite\" href=\"https:\/\/ninite.com\/\" target=\"_blank\" rel=\"noopener noreferrer\">ninite !<\/a><\/p>\n<p>Pour tout faire avec un PDF, <a href=\"http:\/\/www.ilovepdf.com\/fr\">IlovePDF\u00a0<\/a> et\u00a0 <a href=\"https:\/\/pdfcandy.com\/fr\/\">PDFcandy<\/a><\/p>\n<p>Musique d\u00e9mat\u00e9rialis\u00e9 lossless (FLAC et FLAC HD) \u00e0 prix tr\u00e8s mod\u00e9r\u00e9s, <a title=\"allflac\" href=\"https:\/\/allflac.com\/\">Allflac !<\/a><\/p>\n<p>Convertisseur de formats en ligne (docs, video, audio etc) :\u00a0 <a href=\"http:\/\/www.online-convert.com\/fr\" target=\"_blank\" rel=\"noopener noreferrer\">Online Convert<\/a> (fait aussi capture d&rsquo;\u00e9cran de page web)<\/p>\n<p>T\u00e9l\u00e9charger une vid\u00e9o sur son PC :\u00a0 <a href=\"https:\/\/www.telechargerunevideo.com\/fr\/\" target=\"_blank\" rel=\"noopener noreferrer\">Telechargerunevideo.com<\/a><\/p>\n<p>R\u00e9partitions des OS avec tout un tas de filtres :\u00a0 <a href=\"http:\/\/gs.statcounter.com\/os-market-share#monthly-201703-201703-bar\" target=\"_blank\" rel=\"noopener noreferrer\">StatCounter<\/a><\/p>\n<p>Faire les comptes entre amis :\u00a0 <a href=\"http:\/\/www.bonscomptesentreamis.com\/\" target=\"_blank\" rel=\"noopener noreferrer\">Bons Comptes Entre Amis<\/a><\/p>\n<p>Gomme magique :\u00a0 <a href=\"https:\/\/cleanup.pictures\">cleanup.pictures<\/a><\/p>\n<p><span style=\"color: #ffffff;\">.<\/span><\/p>\n","protected":false},"excerpt":{"rendered":"<p>Puissante, intuitive, simple et tr\u00e8s rapide, antispam puissant, (android native) la boite Gmail Incontournable&#8230; eBay.fr Les CD et DVD vierges en grande quantit\u00e9 au meilleur prix ont toujours \u00e9t\u00e9 chez Nierle Deux super monitors syst\u00e8me, discrets, stables et puissants : &hellip; <a href=\"http:\/\/fonfano.cac40.net\/?page_id=134\">Continuer la lecture <span class=\"meta-nav\">&rarr;<\/span><\/a><\/p>\n","protected":false},"author":1,"featured_media":0,"parent":0,"menu_order":5,"comment_status":"open","ping_status":"open","template":"","meta":{"footnotes":""},"_links":{"self":[{"href":"http:\/\/fonfano.cac40.net\/index.php?rest_route=\/wp\/v2\/pages\/134"}],"collection":[{"href":"http:\/\/fonfano.cac40.net\/index.php?rest_route=\/wp\/v2\/pages"}],"about":[{"href":"http:\/\/fonfano.cac40.net\/index.php?rest_route=\/wp\/v2\/types\/page"}],"author":[{"embeddable":true,"href":"http:\/\/fonfano.cac40.net\/index.php?rest_route=\/wp\/v2\/users\/1"}],"replies":[{"embeddable":true,"href":"http:\/\/fonfano.cac40.net\/index.php?rest_route=%2Fwp%2Fv2%2Fcomments&post=134"}],"version-history":[{"count":98,"href":"http:\/\/fonfano.cac40.net\/index.php?rest_route=\/wp\/v2\/pages\/134\/revisions"}],"predecessor-version":[{"id":904,"href":"http:\/\/fonfano.cac40.net\/index.php?rest_route=\/wp\/v2\/pages\/134\/revisions\/904"}],"wp:attachment":[{"href":"http:\/\/fonfano.cac40.net\/index.php?rest_route=%2Fwp%2Fv2%2Fmedia&parent=134"}],"curies":[{"name":"wp","href":"https:\/\/api.w.org\/{rel}","templated":true}]}}