{"id":267,"date":"2011-02-23T12:49:54","date_gmt":"2011-02-23T12:49:54","guid":{"rendered":"http:\/\/fonfano.cac40.net\/?page_id=267"},"modified":"2016-05-03T14:21:13","modified_gmt":"2016-05-03T14:21:13","slug":"le-raid-1","status":"publish","type":"page","link":"http:\/\/fonfano.cac40.net\/?page_id=267","title":{"rendered":"RAID 1 : Attention"},"content":{"rendered":"<p style=\"text-align: center;\">Bonjour.\u00a0 Bienvenue sur cette page technique qui vise \u00e0 d\u00e9sacraliser le RAID 1 afin de s\u00e9curiser r\u00e9ellement les donn\u00e9es.<span style=\"color: #ffffff;\">.<\/span><\/p>\n<p style=\"text-align: center;\">Le Raid 1 ne sert qu&rsquo;\u00e0 une chose : Pr\u00e9venir la panne du seul disque en question. Il ne pr\u00e9muni absolument pas contre :<\/p>\n<p><span style=\"color: #ffffff;\">.<\/span><\/p>\n<p>&#8211; Les bugs et pannes, soft et hard, du contr\u00f4leur lui m\u00eame<\/p>\n<p>&#8211; Les effacements par erreurs<\/p>\n<p>&#8211; Les pertes de partitions et autres surprises caus\u00e9es par les OS, le mat\u00e9riel ou les utilisateurs eux m\u00eame, bien souvent <span style=\"text-decoration: underline;\">pi\u00e9g\u00e9s par l&rsquo;insouciance g\u00e9n\u00e9r\u00e9e par la sensation de s\u00e9curit\u00e9<\/span>.<\/p>\n<p>&#8211; Les virus et autres malwares<\/p>\n<p>&#8211; La foudre ou les surtensions EDF<\/p>\n<p>&#8211; L&rsquo;incendie<\/p>\n<p>&#8211; Le vol<\/p>\n<p style=\"text-align: center;\"><span style=\"text-decoration: underline;\">De plus, de nombreux probl\u00e8mes apparaissent \u00e0 la reconstruction des grappes<\/span>.<\/p>\n<p><span style=\"color: #ffffff;\">.<\/span>De toute \u00e9vidence il faut en r\u00e9alit\u00e9, pour s\u00e9curiser ses donn\u00e9es, multiplier les supports ind\u00e9pendants et les lieux de stockage.\u00a0 Je conseille la configuration suivante :<\/p>\n<p>&#8211; L&rsquo;int\u00e9gralit\u00e9 des donn\u00e9es sensibles toujours sur les disques internes des PC de la maison<\/p>\n<p>&#8211; 1 DD externe ou, si plusieurs PC, 1 Nas basique branch\u00e9 sur la BOX, avec des sauvegardes automatiques ou manuelles<\/p>\n<p>&#8211; 1 simple DD externe chez un voisin, ami, famille mais c&rsquo;est un peu contraignant car il faut faire les navettes au moins 1 \u00e0 2 fois par an.\u00a0 On peut donc opter pour 1 Sauvegarde \u00e0 distance, donc en ligne, auto ou manuelle, payante ou gratuite.<\/p>\n<p>Le RAID 1 n&rsquo;est utile qu&rsquo;aux (vrais) pros.<\/p>\n","protected":false},"excerpt":{"rendered":"<p>Bonjour.\u00a0 Bienvenue sur cette page technique qui vise \u00e0 d\u00e9sacraliser le RAID 1 afin de s\u00e9curiser r\u00e9ellement les donn\u00e9es.. Le Raid 1 ne sert qu&rsquo;\u00e0 une chose : Pr\u00e9venir la panne du seul disque en question. Il ne pr\u00e9muni absolument &hellip; <a href=\"http:\/\/fonfano.cac40.net\/?page_id=267\">Continuer la lecture <span class=\"meta-nav\">&rarr;<\/span><\/a><\/p>\n","protected":false},"author":1,"featured_media":0,"parent":168,"menu_order":0,"comment_status":"open","ping_status":"open","template":"","meta":{"footnotes":""},"_links":{"self":[{"href":"http:\/\/fonfano.cac40.net\/index.php?rest_route=\/wp\/v2\/pages\/267"}],"collection":[{"href":"http:\/\/fonfano.cac40.net\/index.php?rest_route=\/wp\/v2\/pages"}],"about":[{"href":"http:\/\/fonfano.cac40.net\/index.php?rest_route=\/wp\/v2\/types\/page"}],"author":[{"embeddable":true,"href":"http:\/\/fonfano.cac40.net\/index.php?rest_route=\/wp\/v2\/users\/1"}],"replies":[{"embeddable":true,"href":"http:\/\/fonfano.cac40.net\/index.php?rest_route=%2Fwp%2Fv2%2Fcomments&post=267"}],"version-history":[{"count":29,"href":"http:\/\/fonfano.cac40.net\/index.php?rest_route=\/wp\/v2\/pages\/267\/revisions"}],"predecessor-version":[{"id":270,"href":"http:\/\/fonfano.cac40.net\/index.php?rest_route=\/wp\/v2\/pages\/267\/revisions\/270"}],"up":[{"embeddable":true,"href":"http:\/\/fonfano.cac40.net\/index.php?rest_route=\/wp\/v2\/pages\/168"}],"wp:attachment":[{"href":"http:\/\/fonfano.cac40.net\/index.php?rest_route=%2Fwp%2Fv2%2Fmedia&parent=267"}],"curies":[{"name":"wp","href":"https:\/\/api.w.org\/{rel}","templated":true}]}}