{"id":344,"date":"2011-05-09T18:29:23","date_gmt":"2011-05-09T18:29:23","guid":{"rendered":"http:\/\/fonfano.cac40.net\/?page_id=344"},"modified":"2020-10-30T08:45:18","modified_gmt":"2020-10-30T06:45:18","slug":"debuter","status":"publish","type":"page","link":"http:\/\/fonfano.cac40.net\/?page_id=344","title":{"rendered":"Windows"},"content":{"rendered":"<p>Hi all<\/p>\n<p>Windows est un bon syst\u00e8me d\u2019exploitation.\u00a0 C&rsquo;est le summum.\u00a0 Ceci dit, on a rien sans rien\u00a0: Un ordi coute beaucoup moins cher et prend moins de temps qu\u2019une voiture pour laquelle il faut r\u00e9guli\u00e8rement faire la vidange, changer les plaquettes de frein, changer les essui glaces, v\u00e9rifier la pression des pneus, mettre la ceinture, pr\u00e9senter la carte grise, attendre le feu vert, trouver une place, etc etc etc.\u00a0 Mais il y a un minimum d\u2019entretien sans lequel on va avoir des probl\u00e8mes.<\/p>\n<p>Je vous propose donc de lire ce qui suit&#8230;<\/p>\n<p>1) D&rsquo;une mani\u00e8re g\u00e9n\u00e9rale : Avant chaque op\u00e9ration, mais aussi r\u00e9guli\u00e8rement il faut sauvegarder sur un support externe les donn\u00e9es auxquelles on tient.\u00a0 Je conseille toujours les\u00a0 logiciels gratuits Veeam agent, Macrium Reflect, FreeFileSync et SyncBackFree !<\/p>\n<p>2)\u00a0 Pour la s\u00e9curit\u00e9 je conseille d&rsquo;utiliser Windows Defender inclus dans Windows 10<\/p>\n<p>3)\u00a0 Google est une source d\u2019informations \u00e9norme, dans 90% des cas quelqu\u2019un a d\u00e9j\u00e0 eu le probl\u00e8me que l\u2019on rencontre, il faut toutefois prendre un minimum de temps pour r\u00e9fl\u00e9chir avant d\u2019agir.<\/p>\n<p>4)\u00a0 Il ne faut surtout pas s\u2019\u00e9nerver et taper sur l&rsquo;ordinateur. C\u2019est malheureusement une pratique courante notamment si des bruits apparaissent : On risque une panne irr\u00e9versible\u00a0du disque dur et donc la perte de son Windows mais aussi des donn\u00e9es.<\/p>\n<p>5)\u00a0 Do you speak english\u00a0?\u00a0 J\u2019attire votre attention sur le fait qu\u2019un langage appropri\u00e9 avec des termes pr\u00e9cis permettent notamment de cibler les probl\u00e8mes, de gagner du temps, mais aussi de p\u00e9renniser les donn\u00e9es.\u00a0 Lorsque l\u2019on bute sur un message d\u2019erreur il faut le noter avec pr\u00e9cision, pour pouvoir se renseigner.<\/p>\n<p>6)\u00a0 Je conseille vivement d\u2019ouvrir la machine au maximum tous les 18 mois afin de nettoyer la poussi\u00e8re qui s\u2019accumule et cause une surchauffe de l\u2019ensemble, ralentissant et usant pr\u00e9matur\u00e9ment la machine. Ceci doit \u00eatre fait uniquement \u00e0 l\u2019aide d\u2019une bombe d\u2019air sec, une brosse a dents, avec un coup bref d&rsquo;aspirateur (trop d&rsquo;aspiro cr\u00e9\u00e9 de l&rsquo;\u00e9lectricit\u00e9 statique).\u00a0 Il faut ensuite s\u2019assurer que tous les ventilateurs tournent correctement (qu\u2019ils ne se retrouvent pas coinc\u00e9s par un c\u00e2ble ou un amas de poussi\u00e8re bien cach\u00e9)<\/p>\n<p>7)\u00a0 A partir du moment ou on rentre notre num\u00e9ro de CB ou nos identifiant d\u2019acces aux comptes bancaires en ligne etc, personne <span style=\"text-decoration: underline;\">ni aucun site<\/span> ne peut pr\u00e9tendre assurer notre s\u00e9curit\u00e9\u00a0: Tout, absolument tout est \u00ab\u00a0crackable\u00a0\u00bb.\u00a0\u00a0 \u00c0 noter qu&rsquo;un syst\u00e8me \u00e0 jour est moins vuln\u00e9rable.<\/p>\n","protected":false},"excerpt":{"rendered":"<p>Hi all Windows est un bon syst\u00e8me d\u2019exploitation.\u00a0 C&rsquo;est le summum.\u00a0 Ceci dit, on a rien sans rien\u00a0: Un ordi coute beaucoup moins cher et prend moins de temps qu\u2019une voiture pour laquelle il faut r\u00e9guli\u00e8rement faire la vidange, changer &hellip; <a href=\"http:\/\/fonfano.cac40.net\/?page_id=344\">Continuer la lecture <span class=\"meta-nav\">&rarr;<\/span><\/a><\/p>\n","protected":false},"author":1,"featured_media":0,"parent":0,"menu_order":0,"comment_status":"open","ping_status":"open","template":"","meta":{"footnotes":""},"_links":{"self":[{"href":"http:\/\/fonfano.cac40.net\/index.php?rest_route=\/wp\/v2\/pages\/344"}],"collection":[{"href":"http:\/\/fonfano.cac40.net\/index.php?rest_route=\/wp\/v2\/pages"}],"about":[{"href":"http:\/\/fonfano.cac40.net\/index.php?rest_route=\/wp\/v2\/types\/page"}],"author":[{"embeddable":true,"href":"http:\/\/fonfano.cac40.net\/index.php?rest_route=\/wp\/v2\/users\/1"}],"replies":[{"embeddable":true,"href":"http:\/\/fonfano.cac40.net\/index.php?rest_route=%2Fwp%2Fv2%2Fcomments&post=344"}],"version-history":[{"count":70,"href":"http:\/\/fonfano.cac40.net\/index.php?rest_route=\/wp\/v2\/pages\/344\/revisions"}],"predecessor-version":[{"id":820,"href":"http:\/\/fonfano.cac40.net\/index.php?rest_route=\/wp\/v2\/pages\/344\/revisions\/820"}],"wp:attachment":[{"href":"http:\/\/fonfano.cac40.net\/index.php?rest_route=%2Fwp%2Fv2%2Fmedia&parent=344"}],"curies":[{"name":"wp","href":"https:\/\/api.w.org\/{rel}","templated":true}]}}