{"id":455,"date":"2016-04-30T10:20:13","date_gmt":"2016-04-30T10:20:13","guid":{"rendered":"http:\/\/fonfano.cac40.net\/?page_id=455"},"modified":"2022-02-13T16:27:01","modified_gmt":"2022-02-13T14:27:01","slug":"cache-des-navigateurs-en-ramdisk","status":"publish","type":"page","link":"http:\/\/fonfano.cac40.net\/?page_id=455","title":{"rendered":"Cache des navigateurs en RAMDISK"},"content":{"rendered":"<p>Je me suis aper\u00e7u (sur HDD et SSD sata) qu&rsquo;en mettant les caches de mes navigateurs en RAMDISK ces derniers sont nettement plus r\u00e9actifs.\u00a0 Ils sont 2 \u00e0 3x plus rapides.\u00a0 Alors si on a \u00e9quip\u00e9 sa machine de suffisamment de RAM, je le conseille vivement !<\/p>\n<p>Voici le tuto que j&rsquo;ai suivi : <a title=\"cache navs en ramdisk\" href=\"http:\/\/www.sevenforums.com\/tutorials\/312031-ram-disk-install-browser-cache-file-storage.html\" target=\"_blank\" rel=\"noopener noreferrer\">Cache navs en Ramdisk<\/a><\/p>\n<p>(Pour Edge cela fonctionne comme pour IE)<\/p>\n<p>Personnellement j&rsquo;ai 800mo de RAMDISK et je ne les rempli jamais \u00e0 100%, mais 500mo ont \u00e9t\u00e9s trop justes.<\/p>\n\n\n<p>Toutefois, avec un SSD NVMe cela ne vaut pas le coup, je n&rsquo;en ressens pas le besoin sur mon nouveau PC.<\/p>\n","protected":false},"excerpt":{"rendered":"<p>Je me suis aper\u00e7u (sur HDD et SSD sata) qu&rsquo;en mettant les caches de mes navigateurs en RAMDISK ces derniers sont nettement plus r\u00e9actifs.\u00a0 Ils sont 2 \u00e0 3x plus rapides.\u00a0 Alors si on a \u00e9quip\u00e9 sa machine de suffisamment &hellip; <a href=\"http:\/\/fonfano.cac40.net\/?page_id=455\">Continuer la lecture <span class=\"meta-nav\">&rarr;<\/span><\/a><\/p>\n","protected":false},"author":1,"featured_media":0,"parent":168,"menu_order":3,"comment_status":"open","ping_status":"open","template":"","meta":{"footnotes":""},"_links":{"self":[{"href":"http:\/\/fonfano.cac40.net\/index.php?rest_route=\/wp\/v2\/pages\/455"}],"collection":[{"href":"http:\/\/fonfano.cac40.net\/index.php?rest_route=\/wp\/v2\/pages"}],"about":[{"href":"http:\/\/fonfano.cac40.net\/index.php?rest_route=\/wp\/v2\/types\/page"}],"author":[{"embeddable":true,"href":"http:\/\/fonfano.cac40.net\/index.php?rest_route=\/wp\/v2\/users\/1"}],"replies":[{"embeddable":true,"href":"http:\/\/fonfano.cac40.net\/index.php?rest_route=%2Fwp%2Fv2%2Fcomments&post=455"}],"version-history":[{"count":8,"href":"http:\/\/fonfano.cac40.net\/index.php?rest_route=\/wp\/v2\/pages\/455\/revisions"}],"predecessor-version":[{"id":874,"href":"http:\/\/fonfano.cac40.net\/index.php?rest_route=\/wp\/v2\/pages\/455\/revisions\/874"}],"up":[{"embeddable":true,"href":"http:\/\/fonfano.cac40.net\/index.php?rest_route=\/wp\/v2\/pages\/168"}],"wp:attachment":[{"href":"http:\/\/fonfano.cac40.net\/index.php?rest_route=%2Fwp%2Fv2%2Fmedia&parent=455"}],"curies":[{"name":"wp","href":"https:\/\/api.w.org\/{rel}","templated":true}]}}