{"id":457,"date":"2016-04-30T10:36:22","date_gmt":"2016-04-30T10:36:22","guid":{"rendered":"http:\/\/fonfano.cac40.net\/?page_id=457"},"modified":"2016-08-31T21:43:41","modified_gmt":"2016-08-31T19:43:41","slug":"machines-mortes-nees","status":"publish","type":"page","link":"http:\/\/fonfano.cac40.net\/?page_id=457","title":{"rendered":"Machines mortes-n\u00e9es"},"content":{"rendered":"<p>Salut \u00e0 tous<\/p>\n<p>Je voudrais faire comprendre quelque chose : lorsque l&rsquo;on ach\u00e8te une machine, il faut y mettre le prix.\u00a0 Il faut un processeur correct, comme un i5, de la RAM, et un SSD.<\/p>\n<p>Un premier prix ne donnera jamais satisfaction, on va passer sont temps devant le \u00ab\u00a0sablier\u00a0\u00bb.\u00a0\u00a0 Si en plus cela concerne un business, alors le temps gagn\u00e9 (les secondes, les minutes et heures cumul\u00e9es) va se compter en jours entiers \u00e0 la fin de l&rsquo;ann\u00e9e.<\/p>\n<p>Calcul : 1 seconde de gagn\u00e9e par clic (et \u00e7a peut \u00eatre bien +), pour 400 clics par jour de moyenne, sur 230 jours travaill\u00e9s par an (=5 jours par semaine moins les vacances) cela fait 25 heures par an soit plus de 3 journ\u00e9es de 8 heures !\u00a0 C&rsquo;est enoooorme !\u00a0 Et je ne parle pas du temps n\u00e9cessaire aux (re)d\u00e9marrages de l&rsquo;ordi, ni du temps n\u00e9cessaire aux mises \u00e0 jour&#8230; des copies 3x plus longues en USB 2.0 qu&rsquo;en USB 3.0&#8230; etc<\/p>\n<p>Et quel confort !\u00a0 Quand \u00e0 mamie et \u00e0 tonton ils m\u00e9ritent aussi une machine digne de ce nom&#8230;\u00a0 \u00c0 quoi bon passer l&rsquo;apr\u00e8s midi devant le PC alors qu&rsquo;une heure peut suffire !<\/p>\n<p>Mort au pentiums !!!\u00a0 (ce nom, \u00ab\u00a0pentium\u00a0\u00bb date du d\u00e9but des ann\u00e9es 90.\u00a0 Il a 25 ans)<\/p>\n","protected":false},"excerpt":{"rendered":"<p>Salut \u00e0 tous Je voudrais faire comprendre quelque chose : lorsque l&rsquo;on ach\u00e8te une machine, il faut y mettre le prix.\u00a0 Il faut un processeur correct, comme un i5, de la RAM, et un SSD. Un premier prix ne donnera &hellip; <a href=\"http:\/\/fonfano.cac40.net\/?page_id=457\">Continuer la lecture <span class=\"meta-nav\">&rarr;<\/span><\/a><\/p>\n","protected":false},"author":1,"featured_media":0,"parent":168,"menu_order":2,"comment_status":"open","ping_status":"open","template":"","meta":{"footnotes":""},"_links":{"self":[{"href":"http:\/\/fonfano.cac40.net\/index.php?rest_route=\/wp\/v2\/pages\/457"}],"collection":[{"href":"http:\/\/fonfano.cac40.net\/index.php?rest_route=\/wp\/v2\/pages"}],"about":[{"href":"http:\/\/fonfano.cac40.net\/index.php?rest_route=\/wp\/v2\/types\/page"}],"author":[{"embeddable":true,"href":"http:\/\/fonfano.cac40.net\/index.php?rest_route=\/wp\/v2\/users\/1"}],"replies":[{"embeddable":true,"href":"http:\/\/fonfano.cac40.net\/index.php?rest_route=%2Fwp%2Fv2%2Fcomments&post=457"}],"version-history":[{"count":10,"href":"http:\/\/fonfano.cac40.net\/index.php?rest_route=\/wp\/v2\/pages\/457\/revisions"}],"predecessor-version":[{"id":613,"href":"http:\/\/fonfano.cac40.net\/index.php?rest_route=\/wp\/v2\/pages\/457\/revisions\/613"}],"up":[{"embeddable":true,"href":"http:\/\/fonfano.cac40.net\/index.php?rest_route=\/wp\/v2\/pages\/168"}],"wp:attachment":[{"href":"http:\/\/fonfano.cac40.net\/index.php?rest_route=%2Fwp%2Fv2%2Fmedia&parent=457"}],"curies":[{"name":"wp","href":"https:\/\/api.w.org\/{rel}","templated":true}]}}