{"id":498,"date":"2016-05-02T17:34:24","date_gmt":"2016-05-02T17:34:24","guid":{"rendered":"http:\/\/fonfano.cac40.net\/?page_id=498"},"modified":"2021-03-03T15:50:16","modified_gmt":"2021-03-03T13:50:16","slug":"pubs","status":"publish","type":"page","link":"http:\/\/fonfano.cac40.net\/?page_id=498","title":{"rendered":"Anti-pubs"},"content":{"rendered":"<p style=\"text-align: center;\">Salut \u00e0 tous<\/p>\n<p style=\"text-align: center;\">Je conseille fortement uBlock Origin pour bloquer 95% de la pub.<\/p>\n<p style=\"text-align: center;\">(AdBlock+ ayant vendu son \u00e2me au diable, il laisse maintenant passer les pubs de ceux qui le r\u00e9tribuent)<\/p>\n<p style=\"text-align: center;\">\u00a0<a title=\"adblock+\" href=\"https:\/\/addons.mozilla.org\/fr\/firefox\/addon\/ublock-origin\/\" target=\"_blank\" rel=\"noopener noreferrer\">uBlock Origin<\/a>\u00a0pour firefox<\/p>\n<p style=\"text-align: center;\"><a href=\"https:\/\/chrome.google.com\/webstore\/detail\/ublock-origin\/cjpalhdlnbpafiamejdnhcphjbkeiagm?hl=fr\">uBlock Origin<\/a> pour Chrome et ses forks (Vivaldi, edge&#8230;)<\/p>\n<p style=\"text-align: center;\">\n","protected":false},"excerpt":{"rendered":"<p>Salut \u00e0 tous Je conseille fortement uBlock Origin pour bloquer 95% de la pub. (AdBlock+ ayant vendu son \u00e2me au diable, il laisse maintenant passer les pubs de ceux qui le r\u00e9tribuent) \u00a0uBlock Origin\u00a0pour firefox uBlock Origin pour Chrome et &hellip; <a href=\"http:\/\/fonfano.cac40.net\/?page_id=498\">Continuer la lecture <span class=\"meta-nav\">&rarr;<\/span><\/a><\/p>\n","protected":false},"author":1,"featured_media":0,"parent":0,"menu_order":4,"comment_status":"open","ping_status":"open","template":"","meta":{"footnotes":""},"_links":{"self":[{"href":"http:\/\/fonfano.cac40.net\/index.php?rest_route=\/wp\/v2\/pages\/498"}],"collection":[{"href":"http:\/\/fonfano.cac40.net\/index.php?rest_route=\/wp\/v2\/pages"}],"about":[{"href":"http:\/\/fonfano.cac40.net\/index.php?rest_route=\/wp\/v2\/types\/page"}],"author":[{"embeddable":true,"href":"http:\/\/fonfano.cac40.net\/index.php?rest_route=\/wp\/v2\/users\/1"}],"replies":[{"embeddable":true,"href":"http:\/\/fonfano.cac40.net\/index.php?rest_route=%2Fwp%2Fv2%2Fcomments&post=498"}],"version-history":[{"count":21,"href":"http:\/\/fonfano.cac40.net\/index.php?rest_route=\/wp\/v2\/pages\/498\/revisions"}],"predecessor-version":[{"id":828,"href":"http:\/\/fonfano.cac40.net\/index.php?rest_route=\/wp\/v2\/pages\/498\/revisions\/828"}],"wp:attachment":[{"href":"http:\/\/fonfano.cac40.net\/index.php?rest_route=%2Fwp%2Fv2%2Fmedia&parent=498"}],"curies":[{"name":"wp","href":"https:\/\/api.w.org\/{rel}","templated":true}]}}