{"id":500,"date":"2016-05-02T17:35:56","date_gmt":"2016-05-02T17:35:56","guid":{"rendered":"http:\/\/fonfano.cac40.net\/?page_id=500"},"modified":"2022-02-13T16:41:33","modified_gmt":"2022-02-13T14:41:33","slug":"optimisation","status":"publish","type":"page","link":"http:\/\/fonfano.cac40.net\/?page_id=500","title":{"rendered":"Optimisation"},"content":{"rendered":"<p style=\"text-align: center;\"><strong>La vraie optimisation\u00a0 &#8211;\u00a0 Prendre soin de son PC \/ de ses donn\u00e9es.<\/strong><\/p>\n<p>(Recrudescence tr\u00e8s importante actuellement de tous types de nuisances plus ou moins graves \u00a0sur internet)<\/p>\n<p style=\"text-align: center;\">La s\u00e9curit\u00e9, la r\u00e9activit\u00e9 et la stabilit\u00e9 d\u2019un PC ce n\u2019est pas un ou des logiciels,<br \/>c\u2019est un comportement avant tout\u00a0!<\/p>\n<p style=\"text-align: left;\">\u2022 Ne pas cliquer sur les pubs (lancer dans google une recherche pour aboutir sur un site digne de confiance).<\/p>\n<p style=\"text-align: left;\">\u2022 Ne pas installer de logiciels d&rsquo;optimisation \/ r\u00e9paration automatique : C&rsquo;est 100% bidon et \u00e7a alourdit parfois consid\u00e9rablement la machine quand \u00e7a ne cr\u00e9\u00e9 pas de toutes pi\u00e8ces des probl\u00e8mes graves.<\/p>\n<p style=\"text-align: left;\">\u2022 Ne pas installer de logiciel de d\u00e9fragmentation : Windows g\u00e8re cela en automatique de fa\u00e7on tr\u00e8s correcte et adapt\u00e9e (en arri\u00e8re plan : 100% du temps machine est dispo pour l&rsquo;utilisateur). Sur SSD il n&rsquo;y en a d&rsquo;ailleurs plus besoin.<\/p>\n<p style=\"text-align: left;\">\u2022 Maintenir son PC \u00e0 jour (Mises A Jour windows, firefox, etc) sans quoi des failles de s\u00e9curit\u00e9 peuvent \u00eatre exploit\u00e9es. Attention des malins imitent les mises a jour, il faut \u00eatre vigilant.<\/p>\n<p style=\"text-align: left;\">\u2022 Identifier absolument\u00a0 \u00ab\u00a0qui me parle\u00a0\u00bb.\u00a0 Surtout pour proposer une installation ou une mise a jour.\u00a0 C&rsquo;est Microsoft, Avast ou tartenpion ?\u00a0 En cas de moindre doute, d\u00e9cliner\/refuser\/fermer la fen\u00eatre.<\/p>\n<p style=\"text-align: left;\">\u2022 Eviter le streaming, le porno.<\/p>\n<p style=\"text-align: left;\">\u2022 Ne jamais envoyer d&rsquo;argent par avance, surtout pas avec Western union.<\/p>\n<p style=\"text-align: left;\">\u2022 Lors d\u2019une installation d\u2019un logiciel gratuit, le faire absolument en mode expert, avanc\u00e9 ou personalis\u00e9 (et non en rapide, normal, basique) : cela n&rsquo;a rien de compliqu\u00e9, on clique sur \u00ab\u00a0suivant\u00a0\u00bb quand on ne sait pas, mais de cette fa\u00e7on on peut d\u00e9cocher toutes les barres d&rsquo;outils et autres malwares afin qu\u2019ils ne s\u2019installent pas.<\/p>\n<p style=\"text-align: left;\">\u2022 Eviter absolument Clubic, 01net et softonic car ils adjoignent toujours des merdouilles au logiciel t\u00e9l\u00e9charg\u00e9.<\/p>\n<p style=\"text-align: left;\">\u2022 Eviter les jeux gratuits. Ils sont tr\u00e8s souvent accompagn\u00e9s d\u2019ind\u00e9sirables.<\/p>\n<p style=\"text-align: left;\">\u2022 Ne pas attendre en cas d&rsquo;infection, de doute, cela peut se r\u00e9v\u00e9ler dangereux et cela appelle la propagation.<\/p>\n<p style=\"text-align: left;\">\u2022 Ne jamais donner suite \u00e0 un mail qui demande donn\u00e9es bancaires, identifiants, mots de passes etc<\/p>\n<p style=\"text-align: center;\">Je conseille \u00e9galement un support externe afin de dupliquer les donn\u00e9es auxquelles on tient. Pas forc\u00e9ment besoin d&rsquo;un logiciel pour cela, une simple copie tenue a jour peut suffire.<\/p>\n\n\n<p><\/p>\n","protected":false},"excerpt":{"rendered":"<p>La vraie optimisation\u00a0 &#8211;\u00a0 Prendre soin de son PC \/ de ses donn\u00e9es. (Recrudescence tr\u00e8s importante actuellement de tous types de nuisances plus ou moins graves \u00a0sur internet) La s\u00e9curit\u00e9, la r\u00e9activit\u00e9 et la stabilit\u00e9 d\u2019un PC ce n\u2019est pas &hellip; <a href=\"http:\/\/fonfano.cac40.net\/?page_id=500\">Continuer la lecture <span class=\"meta-nav\">&rarr;<\/span><\/a><\/p>\n","protected":false},"author":1,"featured_media":0,"parent":0,"menu_order":1,"comment_status":"open","ping_status":"open","template":"","meta":{"footnotes":""},"_links":{"self":[{"href":"http:\/\/fonfano.cac40.net\/index.php?rest_route=\/wp\/v2\/pages\/500"}],"collection":[{"href":"http:\/\/fonfano.cac40.net\/index.php?rest_route=\/wp\/v2\/pages"}],"about":[{"href":"http:\/\/fonfano.cac40.net\/index.php?rest_route=\/wp\/v2\/types\/page"}],"author":[{"embeddable":true,"href":"http:\/\/fonfano.cac40.net\/index.php?rest_route=\/wp\/v2\/users\/1"}],"replies":[{"embeddable":true,"href":"http:\/\/fonfano.cac40.net\/index.php?rest_route=%2Fwp%2Fv2%2Fcomments&post=500"}],"version-history":[{"count":18,"href":"http:\/\/fonfano.cac40.net\/index.php?rest_route=\/wp\/v2\/pages\/500\/revisions"}],"predecessor-version":[{"id":882,"href":"http:\/\/fonfano.cac40.net\/index.php?rest_route=\/wp\/v2\/pages\/500\/revisions\/882"}],"wp:attachment":[{"href":"http:\/\/fonfano.cac40.net\/index.php?rest_route=%2Fwp%2Fv2%2Fmedia&parent=500"}],"curies":[{"name":"wp","href":"https:\/\/api.w.org\/{rel}","templated":true}]}}