{"id":516,"date":"2016-05-02T17:59:30","date_gmt":"2016-05-02T17:59:30","guid":{"rendered":"http:\/\/fonfano.cac40.net\/?page_id=516"},"modified":"2022-02-13T16:37:47","modified_gmt":"2022-02-13T14:37:47","slug":"sauvegarde","status":"publish","type":"page","link":"http:\/\/fonfano.cac40.net\/?page_id=516","title":{"rendered":"Sauvegarde"},"content":{"rendered":"<p>Salut \u00e0 tous<\/p>\n<p>Je veux parler ici des sauvegardes<\/p>\n<p>Tout d&rsquo;abord je conseille de s\u00e9parer, une partition pour chaque, le syst\u00e8me d&rsquo;exploitation (Windows) et les donn\u00e9es de masse (principalement films, vid\u00e9os et musique, et puis photos si en tr\u00e8s grand nombre, etc)<\/p>\n<p>Ensuite je d\u00e9conseille fortement les syst\u00e8mes \u00e0 Microsoft : la terminologie est erron\u00e9e, les perfs nulles, le taux de r\u00e9ussite de 50%, d&rsquo;un Windows \u00e0 l&rsquo;autre c&rsquo;est plus pareil, bref&#8230; une moquerie.<\/p>\n<p>Pour le syst\u00e8me d&rsquo;exploitation il faut faire une image syst\u00e8me avec par exemple Macrium Reflect ou Veeam agent (gratuits et s\u00e9rieux, veeam fait de l&rsquo;incr\u00e9mental).\u00a0 Je fais une nouvelle image environ tous les mois avec Reflect et toutes les semaines avec Veeam, et j&rsquo;efface les plus anciennes de Reflect, j&rsquo;en garde 2 ou 3 pas plus.<\/p>\n<p>Pour les donn\u00e9es de masse je conseille un support externe (que l&rsquo;on peut mettre hors tension, donc en s\u00e9curit\u00e9).\u00a0 On peut soit faire une copie (tenue \u00e0 jour) avec supercopier ou ultracopier, ou soit utiliser un soft de backup s\u00e9rieux comme Syncback ou FreeFileSync.\u00a0 Cobian n&rsquo;a pas r\u00e9ussi le premier test que je lui ai donn\u00e9, je le fuis !<\/p>\n<p>Le top : un deuxi\u00e8me backup, et \u00e0 distance si possible.\u00a0 Je me suis fais un petit serveur SFTP pour tr\u00e8s peu cher, il est chez Maman, je m&rsquo;en sers tr\u00e8s souvent avec Syncback pro (syncback free plante \u00e0 ce niveau), il en \u00e9mane un sentiment de s\u00e9curit\u00e9.\u00a0 Je ne crains plus le vol, les d\u00e9g\u00e2ts des eaux, l&rsquo;incendie non plus.\u00a0 Il est possible aussi que je ne craigne plus non plus les cryptowares&#8230;<\/p>\n","protected":false},"excerpt":{"rendered":"<p>Salut \u00e0 tous Je veux parler ici des sauvegardes Tout d&rsquo;abord je conseille de s\u00e9parer, une partition pour chaque, le syst\u00e8me d&rsquo;exploitation (Windows) et les donn\u00e9es de masse (principalement films, vid\u00e9os et musique, et puis photos si en tr\u00e8s grand &hellip; <a href=\"http:\/\/fonfano.cac40.net\/?page_id=516\">Continuer la lecture <span class=\"meta-nav\">&rarr;<\/span><\/a><\/p>\n","protected":false},"author":1,"featured_media":0,"parent":0,"menu_order":3,"comment_status":"open","ping_status":"open","template":"","meta":{"footnotes":""},"_links":{"self":[{"href":"http:\/\/fonfano.cac40.net\/index.php?rest_route=\/wp\/v2\/pages\/516"}],"collection":[{"href":"http:\/\/fonfano.cac40.net\/index.php?rest_route=\/wp\/v2\/pages"}],"about":[{"href":"http:\/\/fonfano.cac40.net\/index.php?rest_route=\/wp\/v2\/types\/page"}],"author":[{"embeddable":true,"href":"http:\/\/fonfano.cac40.net\/index.php?rest_route=\/wp\/v2\/users\/1"}],"replies":[{"embeddable":true,"href":"http:\/\/fonfano.cac40.net\/index.php?rest_route=%2Fwp%2Fv2%2Fcomments&post=516"}],"version-history":[{"count":9,"href":"http:\/\/fonfano.cac40.net\/index.php?rest_route=\/wp\/v2\/pages\/516\/revisions"}],"predecessor-version":[{"id":881,"href":"http:\/\/fonfano.cac40.net\/index.php?rest_route=\/wp\/v2\/pages\/516\/revisions\/881"}],"wp:attachment":[{"href":"http:\/\/fonfano.cac40.net\/index.php?rest_route=%2Fwp%2Fv2%2Fmedia&parent=516"}],"curies":[{"name":"wp","href":"https:\/\/api.w.org\/{rel}","templated":true}]}}