{"id":653,"date":"2017-01-10T18:54:09","date_gmt":"2017-01-10T16:54:09","guid":{"rendered":"http:\/\/fonfano.cac40.net\/?page_id=653"},"modified":"2017-01-10T18:55:40","modified_gmt":"2017-01-10T16:55:40","slug":"la-fibre","status":"publish","type":"page","link":"http:\/\/fonfano.cac40.net\/?page_id=653","title":{"rendered":"La Fibre"},"content":{"rendered":"<p>Saviez vous que les dorsales (backbones en anglais), qui relient les villes entre elles, tournent \u00e0 200 THz ?<\/p>\n<p>200 T\u00e9ra Herz<br \/>\n200 000 000 000 000 Herz<\/p>\n<p>C&rsquo;est \u00e0 dire qu&rsquo;ils ont r\u00e9ussi (et \u00e7a fonctionne de fa\u00e7on stable) \u00e0 d\u00e9couper la seconde en 200 000 milliards !!!<\/p>\n","protected":false},"excerpt":{"rendered":"<p>Saviez vous que les dorsales (backbones en anglais), qui relient les villes entre elles, tournent \u00e0 200 THz ? 200 T\u00e9ra Herz 200 000 000 000 000 Herz C&rsquo;est \u00e0 dire qu&rsquo;ils ont r\u00e9ussi (et \u00e7a fonctionne de fa\u00e7on stable) &hellip; <a href=\"http:\/\/fonfano.cac40.net\/?page_id=653\">Continuer la lecture <span class=\"meta-nav\">&rarr;<\/span><\/a><\/p>\n","protected":false},"author":1,"featured_media":0,"parent":168,"menu_order":4,"comment_status":"closed","ping_status":"closed","template":"","meta":{"footnotes":""},"_links":{"self":[{"href":"http:\/\/fonfano.cac40.net\/index.php?rest_route=\/wp\/v2\/pages\/653"}],"collection":[{"href":"http:\/\/fonfano.cac40.net\/index.php?rest_route=\/wp\/v2\/pages"}],"about":[{"href":"http:\/\/fonfano.cac40.net\/index.php?rest_route=\/wp\/v2\/types\/page"}],"author":[{"embeddable":true,"href":"http:\/\/fonfano.cac40.net\/index.php?rest_route=\/wp\/v2\/users\/1"}],"replies":[{"embeddable":true,"href":"http:\/\/fonfano.cac40.net\/index.php?rest_route=%2Fwp%2Fv2%2Fcomments&post=653"}],"version-history":[{"count":2,"href":"http:\/\/fonfano.cac40.net\/index.php?rest_route=\/wp\/v2\/pages\/653\/revisions"}],"predecessor-version":[{"id":655,"href":"http:\/\/fonfano.cac40.net\/index.php?rest_route=\/wp\/v2\/pages\/653\/revisions\/655"}],"up":[{"embeddable":true,"href":"http:\/\/fonfano.cac40.net\/index.php?rest_route=\/wp\/v2\/pages\/168"}],"wp:attachment":[{"href":"http:\/\/fonfano.cac40.net\/index.php?rest_route=%2Fwp%2Fv2%2Fmedia&parent=653"}],"curies":[{"name":"wp","href":"https:\/\/api.w.org\/{rel}","templated":true}]}}