{"id":666,"date":"2017-02-26T17:35:07","date_gmt":"2017-02-26T15:35:07","guid":{"rendered":"http:\/\/fonfano.cac40.net\/?page_id=666"},"modified":"2017-06-06T19:26:49","modified_gmt":"2017-06-06T17:26:49","slug":"bcd-boot-sector-menu-de-demarrage-avance","status":"publish","type":"page","link":"http:\/\/fonfano.cac40.net\/?page_id=666","title":{"rendered":"BCD \/ Boot sector \/ Menu de d\u00e9marrage avanc\u00e9"},"content":{"rendered":"<p>Voici des super tutos pour d\u00e9panner, en ligne de commande, un Windows qui ne d\u00e9marre plus : (le tirait qui clignote sur fond noir)<\/p>\n<p><a href=\"https:\/\/www.lifewire.com\/how-to-access-advanced-startup-options-in-windows-10-or-8-2626229\">https:\/\/www.lifewire.com\/how-to-access-advanced-startup-options-in-windows-10-or-8-2626229<\/a><\/p>\n<p>&nbsp;<\/p>\n","protected":false},"excerpt":{"rendered":"<p>Voici des super tutos pour d\u00e9panner, en ligne de commande, un Windows qui ne d\u00e9marre plus : (le tirait qui clignote sur fond noir) https:\/\/www.lifewire.com\/how-to-access-advanced-startup-options-in-windows-10-or-8-2626229 &nbsp;<\/p>\n","protected":false},"author":1,"featured_media":0,"parent":168,"menu_order":6,"comment_status":"closed","ping_status":"closed","template":"","meta":{"footnotes":""},"_links":{"self":[{"href":"http:\/\/fonfano.cac40.net\/index.php?rest_route=\/wp\/v2\/pages\/666"}],"collection":[{"href":"http:\/\/fonfano.cac40.net\/index.php?rest_route=\/wp\/v2\/pages"}],"about":[{"href":"http:\/\/fonfano.cac40.net\/index.php?rest_route=\/wp\/v2\/types\/page"}],"author":[{"embeddable":true,"href":"http:\/\/fonfano.cac40.net\/index.php?rest_route=\/wp\/v2\/users\/1"}],"replies":[{"embeddable":true,"href":"http:\/\/fonfano.cac40.net\/index.php?rest_route=%2Fwp%2Fv2%2Fcomments&post=666"}],"version-history":[{"count":3,"href":"http:\/\/fonfano.cac40.net\/index.php?rest_route=\/wp\/v2\/pages\/666\/revisions"}],"predecessor-version":[{"id":674,"href":"http:\/\/fonfano.cac40.net\/index.php?rest_route=\/wp\/v2\/pages\/666\/revisions\/674"}],"up":[{"embeddable":true,"href":"http:\/\/fonfano.cac40.net\/index.php?rest_route=\/wp\/v2\/pages\/168"}],"wp:attachment":[{"href":"http:\/\/fonfano.cac40.net\/index.php?rest_route=%2Fwp%2Fv2%2Fmedia&parent=666"}],"curies":[{"name":"wp","href":"https:\/\/api.w.org\/{rel}","templated":true}]}}