{"id":670,"date":"2017-03-31T22:41:23","date_gmt":"2017-03-31T20:41:23","guid":{"rendered":"http:\/\/fonfano.cac40.net\/?page_id=670"},"modified":"2017-11-19T16:23:01","modified_gmt":"2017-11-19T14:23:01","slug":"programmer-en-java","status":"publish","type":"page","link":"http:\/\/fonfano.cac40.net\/?page_id=670","title":{"rendered":"Programmer en Java !"},"content":{"rendered":"<p>Apr\u00e8s m&rsquo;\u00eatre initi\u00e9 au C++ je me mets \u00e0 Java.\u00a0 Mon pote architecte programmeur m&rsquo;a dit qu&rsquo;on peut tout faire avec.<\/p>\n<p>Je suis le cours d&rsquo;OpenClassRooms : <a href=\"https:\/\/openclassrooms.com\/courses\/apprenez-a-programmer-en-java\">https:\/\/openclassrooms.com\/courses\/apprenez-a-programmer-en-java<\/a><\/p>\n<p>La <a href=\"https:\/\/docs.oracle.com\/javase\/8\/docs\/api\/\">Doc Oracle<\/a>.<\/p>\n<p>Et <a href=\"https:\/\/www.codingame.com\/start\">codingame<\/a> bien sur !<\/p>\n<p>Bon kif<\/p>\n","protected":false},"excerpt":{"rendered":"<p>Apr\u00e8s m&rsquo;\u00eatre initi\u00e9 au C++ je me mets \u00e0 Java.\u00a0 Mon pote architecte programmeur m&rsquo;a dit qu&rsquo;on peut tout faire avec. Je suis le cours d&rsquo;OpenClassRooms : https:\/\/openclassrooms.com\/courses\/apprenez-a-programmer-en-java La Doc Oracle. Et codingame bien sur ! Bon kif<\/p>\n","protected":false},"author":1,"featured_media":0,"parent":168,"menu_order":0,"comment_status":"closed","ping_status":"closed","template":"","meta":{"footnotes":""},"_links":{"self":[{"href":"http:\/\/fonfano.cac40.net\/index.php?rest_route=\/wp\/v2\/pages\/670"}],"collection":[{"href":"http:\/\/fonfano.cac40.net\/index.php?rest_route=\/wp\/v2\/pages"}],"about":[{"href":"http:\/\/fonfano.cac40.net\/index.php?rest_route=\/wp\/v2\/types\/page"}],"author":[{"embeddable":true,"href":"http:\/\/fonfano.cac40.net\/index.php?rest_route=\/wp\/v2\/users\/1"}],"replies":[{"embeddable":true,"href":"http:\/\/fonfano.cac40.net\/index.php?rest_route=%2Fwp%2Fv2%2Fcomments&post=670"}],"version-history":[{"count":4,"href":"http:\/\/fonfano.cac40.net\/index.php?rest_route=\/wp\/v2\/pages\/670\/revisions"}],"predecessor-version":[{"id":691,"href":"http:\/\/fonfano.cac40.net\/index.php?rest_route=\/wp\/v2\/pages\/670\/revisions\/691"}],"up":[{"embeddable":true,"href":"http:\/\/fonfano.cac40.net\/index.php?rest_route=\/wp\/v2\/pages\/168"}],"wp:attachment":[{"href":"http:\/\/fonfano.cac40.net\/index.php?rest_route=%2Fwp%2Fv2%2Fmedia&parent=670"}],"curies":[{"name":"wp","href":"https:\/\/api.w.org\/{rel}","templated":true}]}}