{"id":731,"date":"2020-05-13T10:27:30","date_gmt":"2020-05-13T08:27:30","guid":{"rendered":"http:\/\/fonfano.cac40.net\/?page_id=731"},"modified":"2026-03-09T12:13:31","modified_gmt":"2026-03-09T10:13:31","slug":"download","status":"publish","type":"page","link":"http:\/\/fonfano.cac40.net\/?page_id=731","title":{"rendered":"Mes Apps"},"content":{"rendered":"\n<h2 class=\"wp-block-heading\">Pour PC Windows 10 et 11 :<\/h2>\n\n\n\n<p><\/p>\n\n\n\n<p><strong>QuickAPOfx<\/strong><\/p>\n\n\n\n<p>Petite appli PC cod\u00e9e en Java 25 que j&rsquo;ai d\u00e9velopp\u00e9e pour \u00e9craser un fichier en 1 clic, par exemple config.txt de ce remarquable APO equalizer.  9 sources max,  1 fichier cible.  Appli 100% gratuite, sans pub et sans virus.  (n\u00e9cessite Java 25 install\u00e9 sur l&rsquo;ordinateur).<\/p>\n\n\n\n<p>Mode d&#8217;emploi pour APO equalizer : Faites votre premier r\u00e9glage dans APO equalizer (exemple typique : pour \u00e9coute dans le salon) puis sauvegardez.  Copier son config.txt dans un dossier de votre choix, nommez le comme vous voulez (typiquement \u00ab\u00a0\u00c9coute salon.txt\u00a0\u00bb ou \u00ab\u00a0\u00c9coute ordi.txt\u00a0\u00bb).  Faites votre second r\u00e9glage, r\u00e9p\u00e9tez l&rsquo;op\u00e9ration.  Lancez QuickAPOfx, cliquez sur configuration, param\u00e9trez vos boutons et vos .txt sources (\u00e9coute canap\u00e9&#8230;), pensez \u00e0 enregistrez, puis fermez la fen\u00eatre de configuration.  Vous pouvez d\u00e9sormais \u00e9craser le config.txt d&rsquo;APO d&rsquo;un simple clic.<\/p>\n\n\n\n<p>T\u00e9l\u00e9charger ici : <a href=\"https:\/\/drive.google.com\/file\/d\/1wPofHUaDJsIoqQtZmxBexHuJcFjGNtfN\/view?usp=sharing\" data-type=\"link\" data-id=\"https:\/\/drive.google.com\/file\/d\/1wPofHUaDJsIoqQtZmxBexHuJcFjGNtfN\/view?usp=sharing\">QuickAPOfx<\/a><\/p>\n\n\n\n<figure class=\"wp-block-image size-large\"><a href=\"http:\/\/fonfano.cac40.net\/wp-content\/uploads\/2026\/03\/QuickAPOfx1-1.png\"><img decoding=\"async\" loading=\"lazy\" width=\"906\" height=\"1024\" src=\"http:\/\/fonfano.cac40.net\/wp-content\/uploads\/2026\/03\/QuickAPOfx1-1-906x1024.png\" alt=\"\" class=\"wp-image-922\" srcset=\"http:\/\/fonfano.cac40.net\/wp-content\/uploads\/2026\/03\/QuickAPOfx1-1-906x1024.png 906w, http:\/\/fonfano.cac40.net\/wp-content\/uploads\/2026\/03\/QuickAPOfx1-1-265x300.png 265w, http:\/\/fonfano.cac40.net\/wp-content\/uploads\/2026\/03\/QuickAPOfx1-1-768x868.png 768w, http:\/\/fonfano.cac40.net\/wp-content\/uploads\/2026\/03\/QuickAPOfx1-1.png 1144w\" sizes=\"(max-width: 906px) 100vw, 906px\" \/><\/a><\/figure>\n\n\n\n<figure class=\"wp-block-image size-large\"><a href=\"http:\/\/fonfano.cac40.net\/wp-content\/uploads\/2026\/03\/QuickAPOfx2-1.png\"><img decoding=\"async\" loading=\"lazy\" width=\"1024\" height=\"632\" src=\"http:\/\/fonfano.cac40.net\/wp-content\/uploads\/2026\/03\/QuickAPOfx2-1-1024x632.png\" alt=\"\" class=\"wp-image-931\" srcset=\"http:\/\/fonfano.cac40.net\/wp-content\/uploads\/2026\/03\/QuickAPOfx2-1-1024x632.png 1024w, http:\/\/fonfano.cac40.net\/wp-content\/uploads\/2026\/03\/QuickAPOfx2-1-300x185.png 300w, http:\/\/fonfano.cac40.net\/wp-content\/uploads\/2026\/03\/QuickAPOfx2-1-768x474.png 768w, http:\/\/fonfano.cac40.net\/wp-content\/uploads\/2026\/03\/QuickAPOfx2-1-1536x948.png 1536w, http:\/\/fonfano.cac40.net\/wp-content\/uploads\/2026\/03\/QuickAPOfx2-1.png 1916w\" sizes=\"(max-width: 1024px) 100vw, 1024px\" \/><\/a><\/figure>\n\n\n\n<p>&#8212;<\/p>\n\n\n\n<p><strong>SysBar4<\/strong><\/p>\n\n\n\n<p>Petit moniteur syst\u00e8me : reseau, CPU, RAM et uptime.  Cod\u00e9 en Java 15 (n\u00e9cessite Java JDK 15 ou ult\u00e9rieur).  Se positionne en bas \u00e0 droite de l&rsquo;\u00e9cran<\/p>\n\n\n\n<p>Appli 100% gratuite, sans pub et sans virus<\/p>\n\n\n\n<figure class=\"wp-block-image size-full\"><a href=\"http:\/\/fonfano.cac40.net\/wp-content\/uploads\/2023\/06\/2023-06-19-13_04_44-SysBar4.png\"><img decoding=\"async\" loading=\"lazy\" width=\"185\" height=\"334\" src=\"http:\/\/fonfano.cac40.net\/wp-content\/uploads\/2023\/06\/2023-06-19-13_04_44-SysBar4.png\" alt=\"\" class=\"wp-image-909\" srcset=\"http:\/\/fonfano.cac40.net\/wp-content\/uploads\/2023\/06\/2023-06-19-13_04_44-SysBar4.png 185w, http:\/\/fonfano.cac40.net\/wp-content\/uploads\/2023\/06\/2023-06-19-13_04_44-SysBar4-166x300.png 166w\" sizes=\"(max-width: 185px) 100vw, 185px\" \/><\/a><\/figure>\n\n\n\n<p>T\u00e9l\u00e9chargement ici : <a href=\"https:\/\/github.com\/fonfano\/SysBar4\/raw\/main\/SysBar4_1.1.9.jar\">SysBar4<\/a><\/p>\n\n\n\n<p><\/p>\n\n\n\n<p>&#8212;<\/p>\n\n\n\n<p class=\"has-text-align-center\"> &#8212;<\/p>\n\n\n\n<h3 class=\"wp-block-heading\"><strong>UserScripts pour navigateurs avec extension Monkey<\/strong> :<\/h3>\n\n\n\n<p>Fip enhancer, Deezer enhancer, HFR, etc<\/p>\n\n\n\n<p>Ils sont ici : <a href=\"https:\/\/github.com\/fonfano?tab=repositories\">https:\/\/github.com\/fonfano<\/a><\/p>\n\n\n\n<p class=\"has-text-align-center\">&#8212;<\/p>\n\n\n\n<h2 class=\"wp-block-heading\">Pour ANDROID :<\/h2>\n\n\n\n<p><strong>BANK IT<\/strong><\/p>\n\n\n\n<p>Appli android de mon cru pour faire un cadeau a plusieurs. Offline, c&rsquo;est a vous de g\u00e9rer les participants. Calcule automatiquement les participations de chacun, au plus juste, en fonction de son budget max et du prix du cadeau.<\/p>\n\n\n\n<p>Telecharger ici : <a href=\"https:\/\/drive.google.com\/file\/d\/1xWGTT-rxJLnci5DUqnWpJDSYdS1i58WI\/view?usp=sharing\">Bank it  appli android<\/a> (comme tout APK apr\u00e8s t\u00e9l\u00e9chargement pour l&rsquo;installer il faut parfois aller la chercher avec un <a rel=\"noreferrer noopener\" href=\"https:\/\/play.google.com\/store\/apps\/details?id=com.alphainventor.filemanager&amp;hl=fr\" target=\"_blank\">gestionnaire de fichier, comme celui de File Manager Plus<\/a>).  Vous pouvez aussi t\u00e9l\u00e9charger avec un PC puis copier le fichier .apk sur le phone dans un dossier, puis installer l&rsquo;appli en cliquant sur le .apk depuis un gestionnaire de fichier.<\/p>\n\n\n\n<p>Mon app est propre sans virus et sans aucune demande d&rsquo;autorisation, juste une \u00ab\u00a0alerte\u00a0\u00bb android \u00e0 l&rsquo;installation car l&rsquo;appli n&rsquo;est pas sur le store et n&rsquo;a donc pas \u00e9t\u00e9 v\u00e9rifi\u00e9e par google.  N\u00e9cessite Android 7.1.1 minimum. <\/p>\n\n\n\n<p>(Mode d&#8217;emploi plus bas)<\/p>\n\n\n\n<figure class=\"wp-block-image size-large is-resized\"><img decoding=\"async\" loading=\"lazy\" width=\"1024\" height=\"710\" src=\"http:\/\/fonfano.cac40.net\/wp-content\/uploads\/2020\/08\/3-screens-pour-site-1024x710.png\" alt=\"\" class=\"wp-image-765\" style=\"width:600px;height:416px\" srcset=\"http:\/\/fonfano.cac40.net\/wp-content\/uploads\/2020\/08\/3-screens-pour-site-1024x710.png 1024w, http:\/\/fonfano.cac40.net\/wp-content\/uploads\/2020\/08\/3-screens-pour-site-300x208.png 300w, http:\/\/fonfano.cac40.net\/wp-content\/uploads\/2020\/08\/3-screens-pour-site-768x532.png 768w, http:\/\/fonfano.cac40.net\/wp-content\/uploads\/2020\/08\/3-screens-pour-site.png 1444w\" sizes=\"(max-width: 1024px) 100vw, 1024px\" \/><\/figure>\n\n\n\n<p>Nommer un projet et Go.<\/p>\n\n\n\n<p>Remplir le montant de l&rsquo;achat pr\u00e9vu puis les participants avec leurs montants max (Fred met 20\u20ac max,  Bob met 100\u20ac max etc).  Lancez un calcul ou un enregistrement quand vous voulez.  D\u00e8s que le montant de l&rsquo;achat passe en vert, cela signifie que les participations sont suffisantes pour le cadeau choisi.<\/p>\n\n\n\n<p>Lorsqu&rsquo;il y a assez de participations et que vous n&rsquo;avez pas de nouveau participant a ajouter, basculez en mode paiement.  Cela bloque le projet et permettra de d\u00e9clarer les montants pay\u00e9s (acquitt\u00e9s) par les participants, en appuyant dessus.  Ils s&rsquo;afficheront alors en vert.<\/p>\n\n\n\n<p>Si cette appli 100% sans pub vous a plu, envisagez un don (contactez moi h.goodcorner@gmail.com).<\/p>\n\n\n\n<p>Enjoy<\/p>\n\n\n\n<p class=\"has-text-align-center\"> &#8212;<\/p>\n\n\n\n<p><strong>BOUQUET DE VALEURS<\/strong><\/p>\n\n\n\n<p>Petite app android de mon cru \u00e9galement, a t\u00e9l\u00e9charger ici :  <a href=\"https:\/\/drive.google.com\/file\/d\/1UhokSqeSfpGCSphDIfdjVH0XVhR7VFGH\/view?usp=sharing\">Bouquet de valeurs<\/a>.  (comme tout APK apr\u00e8s t\u00e9l\u00e9chargement pour l&rsquo;installer il faut parfois aller la chercher avec un <a rel=\"noreferrer noopener\" href=\"https:\/\/play.google.com\/store\/apps\/details?id=com.alphainventor.filemanager&amp;hl=fr\" target=\"_blank\">gestionnaire de fichier, comme celui de File Manager Plus<\/a>).  Vous pouvez aussi t\u00e9l\u00e9charger l&rsquo;appli avec un PC puis copier Bouquet_de_valeurs.apk sur le phone dans un dossier avec un c\u00e2ble.  Puis installer l&rsquo;appli en cliquant sur Bouquet_de_valeurs.apk depuis un gestionnaire de fichier.<\/p>\n\n\n\n<p>Mon app est propre sans virus et sans aucune demande d\u2019autorisation, juste une \u00ab&nbsp;alerte&nbsp;\u00bb android \u00e0 l\u2019installation car l\u2019appli n\u2019est pas sur le store et n\u2019a donc pas \u00e9t\u00e9 v\u00e9rifi\u00e9e par google.<\/p>\n\n\n\n<p>50 cartes de valeurs \u00e0 m\u00e9diter :)<\/p>\n\n\n\n<figure class=\"wp-block-image size-large\"><img decoding=\"async\" loading=\"lazy\" width=\"473\" height=\"1024\" src=\"http:\/\/fonfano.cac40.net\/wp-content\/uploads\/2021\/09\/RajaCards-Screenshot_20201007-170748-473x1024.jpg\" alt=\"\" class=\"wp-image-866\" srcset=\"http:\/\/fonfano.cac40.net\/wp-content\/uploads\/2021\/09\/RajaCards-Screenshot_20201007-170748-473x1024.jpg 473w, http:\/\/fonfano.cac40.net\/wp-content\/uploads\/2021\/09\/RajaCards-Screenshot_20201007-170748-138x300.jpg 138w, http:\/\/fonfano.cac40.net\/wp-content\/uploads\/2021\/09\/RajaCards-Screenshot_20201007-170748-768x1664.jpg 768w, http:\/\/fonfano.cac40.net\/wp-content\/uploads\/2021\/09\/RajaCards-Screenshot_20201007-170748-709x1536.jpg 709w, http:\/\/fonfano.cac40.net\/wp-content\/uploads\/2021\/09\/RajaCards-Screenshot_20201007-170748-945x2048.jpg 945w, http:\/\/fonfano.cac40.net\/wp-content\/uploads\/2021\/09\/RajaCards-Screenshot_20201007-170748.jpg 1080w\" sizes=\"(max-width: 473px) 100vw, 473px\" \/><\/figure>\n\n\n\n<p class=\"has-text-align-center\">&#8212;<\/p>\n\n\n\n<p><strong>ENGLISH ME<\/strong><\/p>\n\n\n\n<p>Petite app pour r\u00e9viser mes cours d&rsquo;anglais.  Je ne peux pas la proposer au t\u00e9l\u00e9chargement car le contenu (les mots et expressions) ne sont pas libres.<\/p>\n\n\n\n<figure class=\"wp-block-image size-large\"><img decoding=\"async\" loading=\"lazy\" width=\"473\" height=\"1024\" src=\"http:\/\/fonfano.cac40.net\/wp-content\/uploads\/2021\/09\/English-me-screen-473x1024.jpg\" alt=\"\" class=\"wp-image-864\" srcset=\"http:\/\/fonfano.cac40.net\/wp-content\/uploads\/2021\/09\/English-me-screen-473x1024.jpg 473w, http:\/\/fonfano.cac40.net\/wp-content\/uploads\/2021\/09\/English-me-screen-138x300.jpg 138w, http:\/\/fonfano.cac40.net\/wp-content\/uploads\/2021\/09\/English-me-screen-768x1664.jpg 768w, http:\/\/fonfano.cac40.net\/wp-content\/uploads\/2021\/09\/English-me-screen-709x1536.jpg 709w, http:\/\/fonfano.cac40.net\/wp-content\/uploads\/2021\/09\/English-me-screen-945x2048.jpg 945w, http:\/\/fonfano.cac40.net\/wp-content\/uploads\/2021\/09\/English-me-screen.jpg 1080w\" sizes=\"(max-width: 473px) 100vw, 473px\" \/><\/figure>\n","protected":false},"excerpt":{"rendered":"<p>Pour PC Windows 10 et 11 : QuickAPOfx Petite appli PC cod\u00e9e en Java 25 que j&rsquo;ai d\u00e9velopp\u00e9e pour \u00e9craser un fichier en 1 clic, par exemple config.txt de ce remarquable APO equalizer. 9 sources max, 1 fichier cible. Appli &hellip; <a href=\"http:\/\/fonfano.cac40.net\/?page_id=731\">Continuer la lecture <span class=\"meta-nav\">&rarr;<\/span><\/a><\/p>\n","protected":false},"author":1,"featured_media":0,"parent":0,"menu_order":0,"comment_status":"closed","ping_status":"closed","template":"","meta":{"footnotes":""},"_links":{"self":[{"href":"http:\/\/fonfano.cac40.net\/index.php?rest_route=\/wp\/v2\/pages\/731"}],"collection":[{"href":"http:\/\/fonfano.cac40.net\/index.php?rest_route=\/wp\/v2\/pages"}],"about":[{"href":"http:\/\/fonfano.cac40.net\/index.php?rest_route=\/wp\/v2\/types\/page"}],"author":[{"embeddable":true,"href":"http:\/\/fonfano.cac40.net\/index.php?rest_route=\/wp\/v2\/users\/1"}],"replies":[{"embeddable":true,"href":"http:\/\/fonfano.cac40.net\/index.php?rest_route=%2Fwp%2Fv2%2Fcomments&post=731"}],"version-history":[{"count":119,"href":"http:\/\/fonfano.cac40.net\/index.php?rest_route=\/wp\/v2\/pages\/731\/revisions"}],"predecessor-version":[{"id":934,"href":"http:\/\/fonfano.cac40.net\/index.php?rest_route=\/wp\/v2\/pages\/731\/revisions\/934"}],"wp:attachment":[{"href":"http:\/\/fonfano.cac40.net\/index.php?rest_route=%2Fwp%2Fv2%2Fmedia&parent=731"}],"curies":[{"name":"wp","href":"https:\/\/api.w.org\/{rel}","templated":true}]}}